{"id":308,"date":"2023-02-25T16:16:50","date_gmt":"2023-02-25T16:16:50","guid":{"rendered":"https:\/\/marrakechmoto.com\/?page_id=308"},"modified":"2023-10-09T19:27:33","modified_gmt":"2023-10-09T19:27:33","slug":"bmw-1250-gs","status":"publish","type":"page","link":"https:\/\/www.marrakechmoto.com\/en\/bmw-1250-gs\/","title":{"rendered":"BMW 1250 GS"},"content":{"rendered":"\t\t<div data-elementor-type=\"wp-page\" data-elementor-id=\"308\" class=\"elementor elementor-308\">\n\t\t\t\t\t\t<section class=\"elementor-section elementor-top-section elementor-element elementor-element-2976be7 elementor-section-boxed elementor-section-height-default elementor-section-height-default\" data-id=\"2976be7\" data-element_type=\"section\" data-settings=\"{&quot;background_background&quot;:&quot;classic&quot;}\">\n\t\t\t\t\t\t<div class=\"elementor-container elementor-column-gap-default\">\n\t\t\t\t\t<div class=\"aux-parallax-section elementor-column elementor-col-100 elementor-top-column elementor-element elementor-element-c9a94d1\" data-id=\"c9a94d1\" data-element_type=\"column\">\n\t\t\t<div class=\"elementor-widget-wrap elementor-element-populated\">\n\t\t\t\t\t\t<div class=\"elementor-element elementor-element-fd85f5d elementor-widget elementor-widget-heading\" data-id=\"fd85f5d\" data-element_type=\"widget\" data-widget_type=\"heading.default\">\n\t\t\t\t<div class=\"elementor-widget-container\">\n\t\t\t<h1 class=\"elementor-heading-title elementor-size-default\">BMW F1250 GS<\/h1>\t\t<\/div>\n\t\t\t\t<\/div>\n\t\t\t\t\t<\/div>\n\t\t<\/div>\n\t\t\t\t\t<\/div>\n\t\t<\/section>\n\t\t\t\t<section class=\"elementor-section elementor-top-section elementor-element elementor-element-5601329 elementor-section-boxed elementor-section-height-default elementor-section-height-default\" data-id=\"5601329\" data-element_type=\"section\" data-settings=\"{&quot;background_background&quot;:&quot;classic&quot;}\">\n\t\t\t\t\t\t<div class=\"elementor-container elementor-column-gap-default\">\n\t\t\t\t\t<div class=\"aux-parallax-section elementor-column elementor-col-33 elementor-top-column elementor-element elementor-element-f0f1a69\" data-id=\"f0f1a69\" data-element_type=\"column\">\n\t\t\t<div class=\"elementor-widget-wrap elementor-element-populated\">\n\t\t\t\t\t\t<div class=\"elementor-element elementor-element-a3b0e3c elementor-widget elementor-widget-text-editor\" data-id=\"a3b0e3c\" data-element_type=\"widget\" data-widget_type=\"text-editor.default\">\n\t\t\t\t<div class=\"elementor-widget-container\">\n\t\t\t\t\t\t\t<h6>\u00a0<\/h6><ul><li style=\"list-style-type: none;\"><ul><li><h6><strong class=\"moto-spec--label\"><span style=\"color: #000000;\">Availablity<\/span>: <\/strong><span class=\"moto-spec--value\">MARRAKECH<\/span><\/h6><\/li><li><h6><strong class=\"moto-spec--label\"><span style=\"color: #000000;\">Brand:<\/span> <\/strong><span class=\"moto-spec--value\">BMW<\/span><\/h6><\/li><li><h6><strong class=\"moto-spec--label\"><span style=\"color: #000000;\">Model:<\/span> <\/strong><span class=\"moto-spec--value\">F1250 GS<\/span><\/h6><\/li><li><h6><strong class=\"moto-spec--label\"><span style=\"color: #000000;\">Ability:<\/span> 1254<\/strong><\/h6><\/li><li><h6><strong class=\"moto-spec--label\"><span style=\"color: #000000;\">Horsepower:<\/span> 136\u00a0<\/strong><\/h6><\/li><\/ul><\/li><\/ul>\t\t\t\t\t\t<\/div>\n\t\t\t\t<\/div>\n\t\t\t\t\t<\/div>\n\t\t<\/div>\n\t\t\t\t<div class=\"aux-parallax-section elementor-column elementor-col-33 elementor-top-column elementor-element elementor-element-72df724\" data-id=\"72df724\" data-element_type=\"column\">\n\t\t\t<div class=\"elementor-widget-wrap\">\n\t\t\t\t\t\t\t<\/div>\n\t\t<\/div>\n\t\t\t\t<div class=\"aux-parallax-section elementor-column elementor-col-33 elementor-top-column elementor-element elementor-element-ad87a7c\" data-id=\"ad87a7c\" data-element_type=\"column\">\n\t\t\t<div class=\"elementor-widget-wrap elementor-element-populated\">\n\t\t\t\t\t\t<div class=\"elementor-element elementor-element-5f835c8 elementor-widget elementor-widget-text-editor\" data-id=\"5f835c8\" data-element_type=\"widget\" data-widget_type=\"text-editor.default\">\n\t\t\t\t<div class=\"elementor-widget-container\">\n\t\t\t\t\t\t\t<h6>\u00a0<\/h6><ul><li style=\"list-style-type: none;\"><ul><li><h6 style=\"text-align: left;\"><strong class=\"moto-spec--label\"><span style=\"color: #000000;\">Weight<\/span>: <\/strong><span class=\"moto-spec--value\">249 kg<\/span><\/h6><\/li><li style=\"text-align: left;\"><h6><strong class=\"moto-spec--label\"><span style=\"color: #000000;\">seat height:<\/span> 850 mm \/ 870 mm<\/strong><span class=\"moto-spec--value\">\u00a0<\/span><\/h6><\/li><li style=\"text-align: left;\"><h6><strong class=\"moto-spec--label\"><span style=\"color: #000000;\">Bagages<\/span>:\u00a0<\/strong><span class=\"moto-spec--value\">Right Side Case \/ Left Side Case \/ Top Case<\/span><\/h6><\/li><li><h6 style=\"text-align: left;\"><strong class=\"moto-spec--label\"><span style=\"color: #000000;\">Capacit\u00e9 de bagages<\/span>:\u00a0<\/strong><span class=\"moto-spec--value\">30 L (6.6 gal) \/ 39 L (8.6 gal) \/ 35 L (9.25 gal)<\/span><\/h6><\/li><\/ul><\/li><\/ul>\t\t\t\t\t\t<\/div>\n\t\t\t\t<\/div>\n\t\t\t\t\t<\/div>\n\t\t<\/div>\n\t\t\t\t\t<\/div>\n\t\t<\/section>\n\t\t\t\t<section class=\"elementor-section elementor-top-section elementor-element elementor-element-8c2b338 elementor-section-boxed elementor-section-height-default elementor-section-height-default\" data-id=\"8c2b338\" data-element_type=\"section\">\n\t\t\t\t\t\t<div class=\"elementor-container elementor-column-gap-default\">\n\t\t\t\t\t<div class=\"aux-parallax-section elementor-column elementor-col-100 elementor-top-column elementor-element elementor-element-abb6f35\" data-id=\"abb6f35\" data-element_type=\"column\">\n\t\t\t<div class=\"elementor-widget-wrap elementor-element-populated\">\n\t\t\t\t\t\t<div class=\"elementor-element elementor-element-88055d3 elementor-widget elementor-widget-spacer\" data-id=\"88055d3\" data-element_type=\"widget\" data-widget_type=\"spacer.default\">\n\t\t\t\t<div class=\"elementor-widget-container\">\n\t\t\t\t\t<div class=\"elementor-spacer\">\n\t\t\t<div class=\"elementor-spacer-inner\"><\/div>\n\t\t<\/div>\n\t\t\t\t<\/div>\n\t\t\t\t<\/div>\n\t\t\t\t<div class=\"elementor-element elementor-element-2c987c0 elementor-widget elementor-widget-text-editor\" data-id=\"2c987c0\" data-element_type=\"widget\" data-widget_type=\"text-editor.default\">\n\t\t\t\t<div class=\"elementor-widget-container\">\n\t\t\t\t\t\t\t<table id=\"footable_3756\" data-ninja_table_instance=\"ninja_table_instance_0\" data-footable_id=\"3756\" data-filter-delay=\"1000\" aria-label=\"Prix d\u00e9gressifs BMW R 1200 GS\" data-unique_identifier=\"ninja_table_unique_id_1069286991_3756\"><thead><tr><th style=\"text-align: center;\" scope=\"col\">Days<\/th><th style=\"text-align: center;\" scope=\"col\">Price<\/th><\/tr><\/thead><colgroup> <col \/> <col \/><\/colgroup><tfoot><\/tfoot><tbody><tr><td style=\"text-align: center;\">1<\/td><td style=\"text-align: center;\">2300DH<\/td><\/tr><tr><td style=\"text-align: center;\">2<\/td><td style=\"text-align: center;\">4300 DH<\/td><\/tr><tr><td style=\"text-align: center;\">3<\/td><td style=\"text-align: center;\">6300 DH<\/td><\/tr><tr><td style=\"text-align: center;\">4<\/td><td style=\"text-align: center;\">8000 DH<\/td><\/tr><tr><td style=\"text-align: center;\">5<\/td><td style=\"text-align: center;\">10,000 DH<\/td><\/tr><tr><td style=\"text-align: center;\">6<\/td><td style=\"text-align: center;\">11,900 DH<\/td><\/tr><tr><td style=\"text-align: center;\">7<\/td><td style=\"text-align: center;\">13,700 DH<\/td><\/tr><\/tbody><\/table>\t\t\t\t\t\t<\/div>\n\t\t\t\t<\/div>\n\t\t\t\t\t<\/div>\n\t\t<\/div>\n\t\t\t\t\t<\/div>\n\t\t<\/section>\n\t\t\t\t<section class=\"elementor-section elementor-top-section elementor-element elementor-element-6843ed1 elementor-section-boxed elementor-section-height-default elementor-section-height-default\" data-id=\"6843ed1\" data-element_type=\"section\">\n\t\t\t\t\t\t<div class=\"elementor-container elementor-column-gap-default\">\n\t\t\t\t\t<div class=\"aux-parallax-section elementor-column elementor-col-100 elementor-top-column elementor-element elementor-element-34aa89f\" data-id=\"34aa89f\" data-element_type=\"column\">\n\t\t\t<div class=\"elementor-widget-wrap elementor-element-populated\">\n\t\t\t\t\t\t<section class=\"elementor-section elementor-inner-section elementor-element elementor-element-ea2b06e elementor-section-boxed elementor-section-height-default elementor-section-height-default\" data-id=\"ea2b06e\" data-element_type=\"section\">\n\t\t\t\t\t\t<div class=\"elementor-container elementor-column-gap-default\">\n\t\t\t\t\t<div class=\"aux-parallax-section elementor-column elementor-col-50 elementor-inner-column elementor-element elementor-element-087afa4\" data-id=\"087afa4\" data-element_type=\"column\">\n\t\t\t<div class=\"elementor-widget-wrap elementor-element-populated\">\n\t\t\t\t\t\t<div class=\"elementor-element elementor-element-b1d8a93 elementor-widget elementor-widget-text-editor\" data-id=\"b1d8a93\" data-element_type=\"widget\" data-widget_type=\"text-editor.default\">\n\t\t\t\t<div class=\"elementor-widget-container\">\n\t\t\t\t\t\t\t<h3 style=\"padding-left: 40px;\"><span style=\"color: #000000;\"><strong>les conditions :<\/strong><\/span><\/h3><ul><li style=\"list-style-type: none;\"><ul><li style=\"list-style-type: none;\"><ul><li><span style=\"color: #333300;\">Age<\/span> : +25<\/li><li><span style=\"color: #000000;\">Permit :\u00a0<\/span><\/li><li><span style=\"color: #000000;\">Guarantee Deposit : <\/span>20.000 dh<\/li><\/ul><\/li><\/ul><\/li><\/ul>\t\t\t\t\t\t<\/div>\n\t\t\t\t<\/div>\n\t\t\t\t\t<\/div>\n\t\t<\/div>\n\t\t\t\t<div class=\"aux-parallax-section elementor-column elementor-col-50 elementor-inner-column elementor-element elementor-element-29440e8\" data-id=\"29440e8\" data-element_type=\"column\">\n\t\t\t<div class=\"elementor-widget-wrap elementor-element-populated\">\n\t\t\t\t\t\t<div class=\"elementor-element elementor-element-bad17a0 elementor-widget elementor-widget-text-editor\" data-id=\"bad17a0\" data-element_type=\"widget\" data-widget_type=\"text-editor.default\">\n\t\t\t\t<div class=\"elementor-widget-container\">\n\t\t\t\t\t\t\t<h3 style=\"padding-left: 40px;\"><span style=\"color: #000000;\"><strong>inclus :<\/strong><\/span><\/h3><ul><li style=\"list-style-type: none;\"><ul><li style=\"list-style-type: none;\"><ul><li><span style=\"color: #000000;\">Km<\/span> : Unlimited Mileage<\/li><li><span style=\"color: #000000;\">Top Case<\/span> : 1<\/li><li><span style=\"color: #000000;\">Helmet<\/span> : 1 Or 2<\/li><\/ul><\/li><\/ul><\/li><\/ul>\t\t\t\t\t\t<\/div>\n\t\t\t\t<\/div>\n\t\t\t\t\t<\/div>\n\t\t<\/div>\n\t\t\t\t\t<\/div>\n\t\t<\/section>\n\t\t\t\t\t<\/div>\n\t\t<\/div>\n\t\t\t\t\t<\/div>\n\t\t<\/section>\n\t\t\t\t<section class=\"elementor-section elementor-top-section elementor-element elementor-element-51f7d1b elementor-section-boxed elementor-section-height-default elementor-section-height-default\" data-id=\"51f7d1b\" data-element_type=\"section\">\n\t\t\t\t\t\t<div class=\"elementor-container elementor-column-gap-default\">\n\t\t\t\t\t<div class=\"aux-parallax-section elementor-column elementor-col-100 elementor-top-column elementor-element elementor-element-66466fb\" data-id=\"66466fb\" data-element_type=\"column\">\n\t\t\t<div class=\"elementor-widget-wrap elementor-element-populated\">\n\t\t\t\t\t\t<div class=\"elementor-element elementor-element-67dbbc7 elementor-widget elementor-widget-spacer\" data-id=\"67dbbc7\" data-element_type=\"widget\" data-widget_type=\"spacer.default\">\n\t\t\t\t<div class=\"elementor-widget-container\">\n\t\t\t\t\t<div class=\"elementor-spacer\">\n\t\t\t<div class=\"elementor-spacer-inner\"><\/div>\n\t\t<\/div>\n\t\t\t\t<\/div>\n\t\t\t\t<\/div>\n\t\t\t\t<div class=\"elementor-element elementor-element-6ea6035 elementor-align-center elementor-widget elementor-widget-button\" data-id=\"6ea6035\" data-element_type=\"widget\" data-widget_type=\"button.default\">\n\t\t\t\t<div class=\"elementor-widget-container\">\n\t\t\t\t\t\t\t<div class=\"elementor-button-wrapper\">\n\t\t\t\t\t<a class=\"elementor-button elementor-button-link elementor-size-lg\" href=\"\/https:\/\/marrakechmoto.com\/booking\/\">\n\t\t\t\t\t\t<span class=\"elementor-button-content-wrapper\">\n\t\t\t\t\t\t\t\t\t<span class=\"elementor-button-text\">Book Now<\/span>\n\t\t\t\t\t<\/span>\n\t\t\t\t\t<\/a>\n\t\t\t\t<\/div>\n\t\t\t\t\t\t<\/div>\n\t\t\t\t<\/div>\n\t\t\t\t<div class=\"elementor-element elementor-element-c128541 elementor-widget elementor-widget-spacer\" data-id=\"c128541\" data-element_type=\"widget\" data-widget_type=\"spacer.default\">\n\t\t\t\t<div class=\"elementor-widget-container\">\n\t\t\t\t\t<div class=\"elementor-spacer\">\n\t\t\t<div class=\"elementor-spacer-inner\"><\/div>\n\t\t<\/div>\n\t\t\t\t<\/div>\n\t\t\t\t<\/div>\n\t\t\t\t\t<\/div>\n\t\t<\/div>\n\t\t\t\t\t<\/div>\n\t\t<\/section>\n\t\t\t\t<\/div>\n\t\t","protected":false},"excerpt":{"rendered":"<p>BMW F1250 GS &nbsp; Availablity: MARRAKECH Brand: BMW Model: F1250 GS Ability: 1254 Horsepower: 136&nbsp; &nbsp; Weight: 249 kg seat height: 850 mm \/ 870 mm&nbsp; Bagages:&nbsp;Right Side Case \/ Left Side Case \/ Top Case Capacit\u00e9 de bagages:&nbsp;30 L (6.6 gal) \/ 39 L (8.6 gal) \/ 35 L (9.25 gal) Days Price 1 [&hellip;]<\/p>\n","protected":false},"author":1,"featured_media":0,"parent":0,"menu_order":0,"comment_status":"closed","ping_status":"closed","template":"","meta":{"_joinchat":[],"footnotes":""},"class_list":["post-308","page","type-page","status-publish","hentry"],"yoast_head":"<!-- This site is optimized with the Yoast SEO plugin v24.0 - https:\/\/yoast.com\/wordpress\/plugins\/seo\/ -->\n<title>Location moto BMW 1200 GS \u00e0 Marrakech Maroc<\/title>\n<meta name=\"description\" content=\"D\u00e9couvrez la Location moto BMW 1200 GS pour des aventures inoubliables. Profitez d&#039;une exp\u00e9rience de conduite exceptionnelle avec nos offres de location.\" \/>\n<meta name=\"robots\" content=\"index, follow, max-snippet:-1, max-image-preview:large, max-video-preview:-1\" \/>\n<link rel=\"canonical\" href=\"https:\/\/www.marrakechmoto.com\/en\/bmw-1250-gs\/\" \/>\n<meta property=\"og:locale\" content=\"en_US\" \/>\n<meta property=\"og:type\" content=\"article\" \/>\n<meta property=\"og:title\" content=\"Location moto BMW 1200 GS \u00e0 Marrakech Maroc\" \/>\n<meta property=\"og:description\" content=\"D\u00e9couvrez la Location moto BMW 1200 GS pour des aventures inoubliables. Profitez d&#039;une exp\u00e9rience de conduite exceptionnelle avec nos offres de location.\" \/>\n<meta property=\"og:url\" content=\"https:\/\/www.marrakechmoto.com\/en\/bmw-1250-gs\/\" \/>\n<meta property=\"article:modified_time\" content=\"2023-10-09T19:27:33+00:00\" \/>\n<meta name=\"twitter:card\" content=\"summary_large_image\" \/>\n<meta name=\"twitter:label1\" content=\"Est. reading time\" \/>\n\t<meta name=\"twitter:data1\" content=\"1 minute\" \/>\n<script type=\"application\/ld+json\" class=\"yoast-schema-graph\">{\"@context\":\"https:\/\/schema.org\",\"@graph\":[{\"@type\":\"WebPage\",\"@id\":\"https:\/\/www.marrakechmoto.com\/en\/bmw-1250-gs\/\",\"url\":\"https:\/\/www.marrakechmoto.com\/en\/bmw-1250-gs\/\",\"name\":\"Location moto BMW 1200 GS \u00e0 Marrakech Maroc\",\"isPartOf\":{\"@id\":\"https:\/\/www.marrakechmoto.com\/en\/#website\"},\"datePublished\":\"2023-02-25T16:16:50+00:00\",\"dateModified\":\"2023-10-09T19:27:33+00:00\",\"description\":\"D\u00e9couvrez la Location moto BMW 1200 GS pour des aventures inoubliables. Profitez d'une exp\u00e9rience de conduite exceptionnelle avec nos offres de location.\",\"breadcrumb\":{\"@id\":\"https:\/\/www.marrakechmoto.com\/en\/bmw-1250-gs\/#breadcrumb\"},\"inLanguage\":\"en-US\",\"potentialAction\":[{\"@type\":\"ReadAction\",\"target\":[\"https:\/\/www.marrakechmoto.com\/en\/bmw-1250-gs\/\"]}]},{\"@type\":\"BreadcrumbList\",\"@id\":\"https:\/\/www.marrakechmoto.com\/en\/bmw-1250-gs\/#breadcrumb\",\"itemListElement\":[{\"@type\":\"ListItem\",\"position\":1,\"name\":\"Home\",\"item\":\"https:\/\/www.marrakechmoto.com\/en\/\"},{\"@type\":\"ListItem\",\"position\":2,\"name\":\"BMW 1250 GS\"}]},{\"@type\":\"WebSite\",\"@id\":\"https:\/\/www.marrakechmoto.com\/en\/#website\",\"url\":\"https:\/\/www.marrakechmoto.com\/en\/\",\"name\":\"\",\"description\":\"\",\"potentialAction\":[{\"@type\":\"SearchAction\",\"target\":{\"@type\":\"EntryPoint\",\"urlTemplate\":\"https:\/\/www.marrakechmoto.com\/en\/?s={search_term_string}\"},\"query-input\":{\"@type\":\"PropertyValueSpecification\",\"valueRequired\":true,\"valueName\":\"search_term_string\"}}],\"inLanguage\":\"en-US\"}]}<\/script>\n<!-- \/ Yoast SEO plugin. -->","yoast_head_json":{"title":"Location moto BMW 1200 GS \u00e0 Marrakech Maroc","description":"D\u00e9couvrez la Location moto BMW 1200 GS pour des aventures inoubliables. Profitez d'une exp\u00e9rience de conduite exceptionnelle avec nos offres de location.","robots":{"index":"index","follow":"follow","max-snippet":"max-snippet:-1","max-image-preview":"max-image-preview:large","max-video-preview":"max-video-preview:-1"},"canonical":"https:\/\/www.marrakechmoto.com\/en\/bmw-1250-gs\/","og_locale":"en_US","og_type":"article","og_title":"Location moto BMW 1200 GS \u00e0 Marrakech Maroc","og_description":"D\u00e9couvrez la Location moto BMW 1200 GS pour des aventures inoubliables. Profitez d'une exp\u00e9rience de conduite exceptionnelle avec nos offres de location.","og_url":"https:\/\/www.marrakechmoto.com\/en\/bmw-1250-gs\/","article_modified_time":"2023-10-09T19:27:33+00:00","twitter_card":"summary_large_image","twitter_misc":{"Est. reading time":"1 minute"},"schema":{"@context":"https:\/\/schema.org","@graph":[{"@type":"WebPage","@id":"https:\/\/www.marrakechmoto.com\/en\/bmw-1250-gs\/","url":"https:\/\/www.marrakechmoto.com\/en\/bmw-1250-gs\/","name":"Location moto BMW 1200 GS \u00e0 Marrakech Maroc","isPartOf":{"@id":"https:\/\/www.marrakechmoto.com\/en\/#website"},"datePublished":"2023-02-25T16:16:50+00:00","dateModified":"2023-10-09T19:27:33+00:00","description":"D\u00e9couvrez la Location moto BMW 1200 GS pour des aventures inoubliables. Profitez d'une exp\u00e9rience de conduite exceptionnelle avec nos offres de location.","breadcrumb":{"@id":"https:\/\/www.marrakechmoto.com\/en\/bmw-1250-gs\/#breadcrumb"},"inLanguage":"en-US","potentialAction":[{"@type":"ReadAction","target":["https:\/\/www.marrakechmoto.com\/en\/bmw-1250-gs\/"]}]},{"@type":"BreadcrumbList","@id":"https:\/\/www.marrakechmoto.com\/en\/bmw-1250-gs\/#breadcrumb","itemListElement":[{"@type":"ListItem","position":1,"name":"Home","item":"https:\/\/www.marrakechmoto.com\/en\/"},{"@type":"ListItem","position":2,"name":"BMW 1250 GS"}]},{"@type":"WebSite","@id":"https:\/\/www.marrakechmoto.com\/en\/#website","url":"https:\/\/www.marrakechmoto.com\/en\/","name":"","description":"","potentialAction":[{"@type":"SearchAction","target":{"@type":"EntryPoint","urlTemplate":"https:\/\/www.marrakechmoto.com\/en\/?s={search_term_string}"},"query-input":{"@type":"PropertyValueSpecification","valueRequired":true,"valueName":"search_term_string"}}],"inLanguage":"en-US"}]}},"_links":{"self":[{"href":"https:\/\/www.marrakechmoto.com\/en\/wp-json\/wp\/v2\/pages\/308","targetHints":{"allow":["GET"]}}],"collection":[{"href":"https:\/\/www.marrakechmoto.com\/en\/wp-json\/wp\/v2\/pages"}],"about":[{"href":"https:\/\/www.marrakechmoto.com\/en\/wp-json\/wp\/v2\/types\/page"}],"author":[{"embeddable":true,"href":"https:\/\/www.marrakechmoto.com\/en\/wp-json\/wp\/v2\/users\/1"}],"replies":[{"embeddable":true,"href":"https:\/\/www.marrakechmoto.com\/en\/wp-json\/wp\/v2\/comments?post=308"}],"version-history":[{"count":23,"href":"https:\/\/www.marrakechmoto.com\/en\/wp-json\/wp\/v2\/pages\/308\/revisions"}],"predecessor-version":[{"id":546,"href":"https:\/\/www.marrakechmoto.com\/en\/wp-json\/wp\/v2\/pages\/308\/revisions\/546"}],"wp:attachment":[{"href":"https:\/\/www.marrakechmoto.com\/en\/wp-json\/wp\/v2\/media?parent=308"}],"curies":[{"name":"wp","href":"https:\/\/api.w.org\/{rel}","templated":true}]}}